{"id":893,"date":"2023-04-15T19:44:28","date_gmt":"2023-04-15T16:44:28","guid":{"rendered":"https:\/\/idihracathizmetleri.com\/?page_id=893"},"modified":"2025-03-30T16:24:07","modified_gmt":"2025-03-30T13:24:07","slug":"hakkimizda-2","status":"publish","type":"page","link":"https:\/\/idihracathizmetleri.com\/index.php\/hakkimizda-2\/","title":{"rendered":"Hakk\u0131m\u0131zda"},"content":{"rendered":"\t\t<div data-elementor-type=\"wp-page\" data-elementor-id=\"893\" class=\"elementor elementor-893\">\n\t\t\t\t\t\t<section class=\"elementor-section elementor-top-section elementor-element elementor-element-4ea3db7 elementor-section-boxed elementor-section-height-default elementor-section-height-default\" data-id=\"4ea3db7\" data-element_type=\"section\" data-e-type=\"section\">\n\t\t\t\t\t\t<div class=\"elementor-container elementor-column-gap-default\">\n\t\t\t\t\t<div class=\"elementor-column elementor-col-33 elementor-top-column elementor-element elementor-element-2681af0\" data-id=\"2681af0\" data-element_type=\"column\" data-e-type=\"column\">\n\t\t\t<div class=\"elementor-widget-wrap elementor-element-populated\">\n\t\t\t\t\t\t<div class=\"elementor-element elementor-element-bb0cc12 elementor-widget elementor-widget-image\" data-id=\"bb0cc12\" data-element_type=\"widget\" data-e-type=\"widget\" data-widget_type=\"image.default\">\n\t\t\t\t<div class=\"elementor-widget-container\">\n\t\t\t\t\t\t\t\t\t\t\t\t\t\t\t<img fetchpriority=\"high\" decoding=\"async\" width=\"800\" height=\"600\" src=\"https:\/\/idihracathizmetleri.com\/wp-content\/uploads\/2020\/08\/kobu-agency-QBBei2RPb7A-unsplash-1.jpg\" class=\"attachment-large size-large wp-image-557\" alt=\"\" srcset=\"https:\/\/idihracathizmetleri.com\/wp-content\/uploads\/2020\/08\/kobu-agency-QBBei2RPb7A-unsplash-1.jpg 800w, https:\/\/idihracathizmetleri.com\/wp-content\/uploads\/2020\/08\/kobu-agency-QBBei2RPb7A-unsplash-1-300x225.jpg 300w, https:\/\/idihracathizmetleri.com\/wp-content\/uploads\/2020\/08\/kobu-agency-QBBei2RPb7A-unsplash-1-768x576.jpg 768w\" sizes=\"(max-width: 800px) 100vw, 800px\" \/>\t\t\t\t\t\t\t\t\t\t\t\t\t\t\t<\/div>\n\t\t\t\t<\/div>\n\t\t\t\t\t<\/div>\n\t\t<\/div>\n\t\t\t\t<div class=\"elementor-column elementor-col-66 elementor-top-column elementor-element elementor-element-aadedc8\" data-id=\"aadedc8\" data-element_type=\"column\" data-e-type=\"column\">\n\t\t\t<div class=\"elementor-widget-wrap elementor-element-populated\">\n\t\t\t\t\t\t<div class=\"elementor-element elementor-element-f93b2c0 elementor-widget elementor-widget-text-editor\" data-id=\"f93b2c0\" data-element_type=\"widget\" data-e-type=\"widget\" data-widget_type=\"text-editor.default\">\n\t\t\t\t<div class=\"elementor-widget-container\">\n\t\t\t\t\t\t\t\t\t<h1>B\u0130Z K\u0130M\u0130Z?<\/h1><div>\u00a0ID \u0130hracat Hizmetleri olarak sundu\u011fumuz hizmetleri ihracat\u0131n argesi konumunda \u015fekillendirdik.Olu\u015fturdu\u011fumuz uluslararas\u0131 ITC (Uluslararas\u0131 Ticaret Merkezi) tabanl\u0131 ve tamam\u0131 g\u00fcncel bilgilerden olu\u015fan pazar ara\u015ft\u0131rma raporlar\u0131m\u0131z teknik sertifikal\u0131 ihracat uzman\u0131m\u0131z taraf\u0131ndan yorumlanmaktad\u0131r.<\/div><div><br \/>Elde edilen pazar ara\u015ft\u0131rma raporu sonras\u0131nda ihracat yapmay\u0131 planlayan veya pazar\u0131n\u0131 \u00e7e\u015fitlendirmek isteyen firmalara g\u00fcncel bir k\u0131lavuz olu\u015fturmaktay\u0131z.Rapor i\u00e7erisinde konu ba\u015fl\u0131klar\u0131 bulunan ticari risk analizi ,potansiyel pazar s\u0131ralamas\u0131 ,rekabet avantaj\u0131 , pazara giri\u015f ko\u015fullar\u0131 , co\u011frafi fakt\u00f6rler vb. hususlarda detayl\u0131 yorumlama ve analiz sekt\u00f6r ve firma bazl\u0131 olacak \u015fekilde her firma i\u00e7in \u00f6zel olarak haz\u0131rlanmaktad\u0131r.<\/div>\t\t\t\t\t\t\t\t<\/div>\n\t\t\t\t<\/div>\n\t\t\t\t\t<\/div>\n\t\t<\/div>\n\t\t\t\t\t<\/div>\n\t\t<\/section>\n\t\t\t\t<section class=\"elementor-section elementor-top-section elementor-element elementor-element-4626f19 elementor-section-boxed elementor-section-height-default elementor-section-height-default\" data-id=\"4626f19\" data-element_type=\"section\" data-e-type=\"section\">\n\t\t\t\t\t\t<div class=\"elementor-container elementor-column-gap-default\">\n\t\t\t\t\t<div class=\"elementor-column elementor-col-33 elementor-top-column elementor-element elementor-element-fbf5ede\" data-id=\"fbf5ede\" data-element_type=\"column\" data-e-type=\"column\">\n\t\t\t<div class=\"elementor-widget-wrap elementor-element-populated\">\n\t\t\t\t\t\t<div class=\"elementor-element elementor-element-a58cbbc elementor-widget elementor-widget-image\" data-id=\"a58cbbc\" data-element_type=\"widget\" data-e-type=\"widget\" data-widget_type=\"image.default\">\n\t\t\t\t<div class=\"elementor-widget-container\">\n\t\t\t\t\t\t\t\t\t\t\t\t\t\t\t<img decoding=\"async\" width=\"754\" height=\"531\" src=\"https:\/\/idihracathizmetleri.com\/wp-content\/uploads\/2023\/04\/itc.png\" class=\"attachment-large size-large wp-image-857\" alt=\"\" srcset=\"https:\/\/idihracathizmetleri.com\/wp-content\/uploads\/2023\/04\/itc.png 754w, https:\/\/idihracathizmetleri.com\/wp-content\/uploads\/2023\/04\/itc-300x211.png 300w\" sizes=\"(max-width: 754px) 100vw, 754px\" \/>\t\t\t\t\t\t\t\t\t\t\t\t\t\t\t<\/div>\n\t\t\t\t<\/div>\n\t\t\t\t\t<\/div>\n\t\t<\/div>\n\t\t\t\t<div class=\"elementor-column elementor-col-66 elementor-top-column elementor-element elementor-element-4feb1ae\" data-id=\"4feb1ae\" data-element_type=\"column\" data-e-type=\"column\">\n\t\t\t<div class=\"elementor-widget-wrap elementor-element-populated\">\n\t\t\t\t\t\t<div class=\"elementor-element elementor-element-8824de4 elementor-widget elementor-widget-text-editor\" data-id=\"8824de4\" data-element_type=\"widget\" data-e-type=\"widget\" data-widget_type=\"text-editor.default\">\n\t\t\t\t<div class=\"elementor-widget-container\">\n\t\t\t\t\t\t\t\t\t<p><strong>Teknik donan\u0131m\u0131 ile \u00f6n plana \u00e7\u0131kan ekibimiz olu\u015fturdu\u011fu pazar ara\u015ft\u0131rma raporlar\u0131nda \u015feffafl\u0131k ve kararl\u0131l\u0131k sa\u011flamaktad\u0131r.<\/strong><\/p><p><strong>Pazar ara\u015ft\u0131rma raporlar\u0131 ile birlikte sunulan data istihbarat modelimiz ile birlikte pazarda ihracat\u00e7\u0131n\u0131n sundu\u011fu \u00fcr\u00fcn veya hizmete ihtiya\u00e7 duyan , halihaz\u0131rda ithalat ger\u00e7ekle\u015ftiren firmalar\u0131n tespit edilmesini sa\u011flar.Kulland\u0131\u011f\u0131m\u0131z onlarca veri taban\u0131ndan elde edilen uluslararas\u0131 firmalar\u0131n ticari istihbarat verileri ABD merkezli edindi\u011fimiz yaz\u0131l\u0131m ara\u00e7lar\u0131 ile birlikte harmanlanarak m\u00fc\u015fterilerimize detayl\u0131 bir formda sunulmaktad\u0131r.<\/strong><\/p>\t\t\t\t\t\t\t\t<\/div>\n\t\t\t\t<\/div>\n\t\t\t\t\t<\/div>\n\t\t<\/div>\n\t\t\t\t\t<\/div>\n\t\t<\/section>\n\t\t\t\t<section class=\"elementor-section elementor-top-section elementor-element elementor-element-60104e5 elementor-section-boxed elementor-section-height-default elementor-section-height-default\" data-id=\"60104e5\" data-element_type=\"section\" data-e-type=\"section\">\n\t\t\t\t\t\t<div class=\"elementor-container elementor-column-gap-default\">\n\t\t\t\t\t<div class=\"elementor-column elementor-col-100 elementor-top-column elementor-element elementor-element-8355024\" data-id=\"8355024\" data-element_type=\"column\" data-e-type=\"column\">\n\t\t\t<div class=\"elementor-widget-wrap elementor-element-populated\">\n\t\t\t\t\t\t<div class=\"elementor-element elementor-element-186d77a elementor-widget elementor-widget-text-editor\" data-id=\"186d77a\" data-element_type=\"widget\" data-e-type=\"widget\" data-widget_type=\"text-editor.default\">\n\t\t\t\t<div class=\"elementor-widget-container\">\n\t\t\t\t\t\t\t\t\t<p>&nbsp; &nbsp; &nbsp; &nbsp;<b>Ticari istihbarat veri kanallar\u0131m\u0131zdan elde edilen bilgiler kulland\u0131\u011f\u0131m\u0131z ek yaz\u0131l\u0131m ara\u00e7lar\u0131 ile desteklenmekte ve do\u011frulanmaktad\u0131r.<\/b><\/p>\t\t\t\t\t\t\t\t<\/div>\n\t\t\t\t<\/div>\n\t\t\t\t\t<\/div>\n\t\t<\/div>\n\t\t\t\t\t<\/div>\n\t\t<\/section>\n\t\t\t\t<section class=\"elementor-section elementor-top-section elementor-element elementor-element-d3a1155 elementor-section-boxed elementor-section-height-default elementor-section-height-default\" data-id=\"d3a1155\" data-element_type=\"section\" data-e-type=\"section\">\n\t\t\t\t\t\t<div class=\"elementor-container elementor-column-gap-default\">\n\t\t\t\t\t<div class=\"elementor-column elementor-col-100 elementor-top-column elementor-element elementor-element-f083466\" data-id=\"f083466\" data-element_type=\"column\" data-e-type=\"column\">\n\t\t\t<div class=\"elementor-widget-wrap elementor-element-populated\">\n\t\t\t\t\t\t<div class=\"elementor-element elementor-element-2f49225 elementor-widget elementor-widget-image-gallery\" data-id=\"2f49225\" data-element_type=\"widget\" data-e-type=\"widget\" data-widget_type=\"image-gallery.default\">\n\t\t\t\t<div class=\"elementor-widget-container\">\n\t\t\t\t\t\t\t<div class=\"elementor-image-gallery\">\n\t\t\t<div id='gallery-1' class='gallery galleryid-893 gallery-columns-4 gallery-size-large'><figure class='gallery-item'>\n\t\t\t<div class='gallery-icon landscape'>\n\t\t\t\t<a data-elementor-open-lightbox=\"yes\" data-elementor-lightbox-slideshow=\"2f49225\" data-elementor-lightbox-title=\"Logo_Kompass_International_HD\" data-e-action-hash=\"#elementor-action%3Aaction%3Dlightbox%26settings%3DeyJpZCI6OTIxLCJ1cmwiOiJodHRwczpcL1wvaWRpaHJhY2F0aGl6bWV0bGVyaS5jb21cL3dwLWNvbnRlbnRcL3VwbG9hZHNcLzIwMjNcLzA0XC9Mb2dvX0tvbXBhc3NfSW50ZXJuYXRpb25hbF9IRC5wbmciLCJzbGlkZXNob3ciOiIyZjQ5MjI1In0%3D\" href='https:\/\/idihracathizmetleri.com\/wp-content\/uploads\/2023\/04\/Logo_Kompass_International_HD.png'><img decoding=\"async\" width=\"1024\" height=\"381\" src=\"https:\/\/idihracathizmetleri.com\/wp-content\/uploads\/2023\/04\/Logo_Kompass_International_HD-1024x381.png\" class=\"attachment-large size-large\" alt=\"\" srcset=\"https:\/\/idihracathizmetleri.com\/wp-content\/uploads\/2023\/04\/Logo_Kompass_International_HD-1024x381.png 1024w, https:\/\/idihracathizmetleri.com\/wp-content\/uploads\/2023\/04\/Logo_Kompass_International_HD-300x112.png 300w, https:\/\/idihracathizmetleri.com\/wp-content\/uploads\/2023\/04\/Logo_Kompass_International_HD-768x286.png 768w, https:\/\/idihracathizmetleri.com\/wp-content\/uploads\/2023\/04\/Logo_Kompass_International_HD-1536x572.png 1536w, https:\/\/idihracathizmetleri.com\/wp-content\/uploads\/2023\/04\/Logo_Kompass_International_HD.png 1600w\" sizes=\"(max-width: 1024px) 100vw, 1024px\" \/><\/a>\n\t\t\t<\/div><\/figure><figure class='gallery-item'>\n\t\t\t<div class='gallery-icon landscape'>\n\t\t\t\t<a data-elementor-open-lightbox=\"yes\" data-elementor-lightbox-slideshow=\"2f49225\" data-elementor-lightbox-title=\"zauba\" data-e-action-hash=\"#elementor-action%3Aaction%3Dlightbox%26settings%3DeyJpZCI6OTIzLCJ1cmwiOiJodHRwczpcL1wvaWRpaHJhY2F0aGl6bWV0bGVyaS5jb21cL3dwLWNvbnRlbnRcL3VwbG9hZHNcLzIwMjNcLzA0XC96YXViYS5wbmciLCJzbGlkZXNob3ciOiIyZjQ5MjI1In0%3D\" href='https:\/\/idihracathizmetleri.com\/wp-content\/uploads\/2023\/04\/zauba.png'><img loading=\"lazy\" decoding=\"async\" width=\"274\" height=\"87\" src=\"https:\/\/idihracathizmetleri.com\/wp-content\/uploads\/2023\/04\/zauba.png\" class=\"attachment-large size-large\" alt=\"\" \/><\/a>\n\t\t\t<\/div><\/figure><figure class='gallery-item'>\n\t\t\t<div class='gallery-icon landscape'>\n\t\t\t\t<a data-elementor-open-lightbox=\"yes\" data-elementor-lightbox-slideshow=\"2f49225\" data-elementor-lightbox-title=\"Yandex_Logo.svg\" data-e-action-hash=\"#elementor-action%3Aaction%3Dlightbox%26settings%3DeyJpZCI6OTIyLCJ1cmwiOiJodHRwczpcL1wvaWRpaHJhY2F0aGl6bWV0bGVyaS5jb21cL3dwLWNvbnRlbnRcL3VwbG9hZHNcLzIwMjNcLzA0XC9ZYW5kZXhfTG9nby5zdmcucG5nIiwic2xpZGVzaG93IjoiMmY0OTIyNSJ9\" href='https:\/\/idihracathizmetleri.com\/wp-content\/uploads\/2023\/04\/Yandex_Logo.svg.png'><img loading=\"lazy\" decoding=\"async\" width=\"1024\" height=\"564\" src=\"https:\/\/idihracathizmetleri.com\/wp-content\/uploads\/2023\/04\/Yandex_Logo.svg-1024x564.png\" class=\"attachment-large size-large\" alt=\"\" srcset=\"https:\/\/idihracathizmetleri.com\/wp-content\/uploads\/2023\/04\/Yandex_Logo.svg-1024x564.png 1024w, https:\/\/idihracathizmetleri.com\/wp-content\/uploads\/2023\/04\/Yandex_Logo.svg-300x165.png 300w, https:\/\/idihracathizmetleri.com\/wp-content\/uploads\/2023\/04\/Yandex_Logo.svg-768x423.png 768w, https:\/\/idihracathizmetleri.com\/wp-content\/uploads\/2023\/04\/Yandex_Logo.svg-1536x846.png 1536w, https:\/\/idihracathizmetleri.com\/wp-content\/uploads\/2023\/04\/Yandex_Logo.svg-2048x1128.png 2048w\" sizes=\"(max-width: 1024px) 100vw, 1024px\" \/><\/a>\n\t\t\t<\/div><\/figure><figure class='gallery-item'>\n\t\t\t<div class='gallery-icon landscape'>\n\t\t\t\t<a data-elementor-open-lightbox=\"yes\" data-elementor-lightbox-slideshow=\"2f49225\" data-elementor-lightbox-title=\"panjiva-vector-logo\" data-e-action-hash=\"#elementor-action%3Aaction%3Dlightbox%26settings%3DeyJpZCI6OTI0LCJ1cmwiOiJodHRwczpcL1wvaWRpaHJhY2F0aGl6bWV0bGVyaS5jb21cL3dwLWNvbnRlbnRcL3VwbG9hZHNcLzIwMjNcLzA0XC9wYW5qaXZhLXZlY3Rvci1sb2dvLnBuZyIsInNsaWRlc2hvdyI6IjJmNDkyMjUifQ%3D%3D\" href='https:\/\/idihracathizmetleri.com\/wp-content\/uploads\/2023\/04\/panjiva-vector-logo.png'><img loading=\"lazy\" decoding=\"async\" width=\"900\" height=\"500\" src=\"https:\/\/idihracathizmetleri.com\/wp-content\/uploads\/2023\/04\/panjiva-vector-logo.png\" class=\"attachment-large size-large\" alt=\"\" srcset=\"https:\/\/idihracathizmetleri.com\/wp-content\/uploads\/2023\/04\/panjiva-vector-logo.png 900w, https:\/\/idihracathizmetleri.com\/wp-content\/uploads\/2023\/04\/panjiva-vector-logo-300x167.png 300w, https:\/\/idihracathizmetleri.com\/wp-content\/uploads\/2023\/04\/panjiva-vector-logo-768x427.png 768w\" sizes=\"(max-width: 900px) 100vw, 900px\" \/><\/a>\n\t\t\t<\/div><\/figure><figure class='gallery-item'>\n\t\t\t<div class='gallery-icon landscape'>\n\t\t\t\t<a data-elementor-open-lightbox=\"yes\" data-elementor-lightbox-slideshow=\"2f49225\" data-elementor-lightbox-title=\"Google_2015_logo.svg\" data-e-action-hash=\"#elementor-action%3Aaction%3Dlightbox%26settings%3DeyJpZCI6OTI2LCJ1cmwiOiJodHRwczpcL1wvaWRpaHJhY2F0aGl6bWV0bGVyaS5jb21cL3dwLWNvbnRlbnRcL3VwbG9hZHNcLzIwMjNcLzA0XC9Hb29nbGVfMjAxNV9sb2dvLnN2Zy5wbmciLCJzbGlkZXNob3ciOiIyZjQ5MjI1In0%3D\" href='https:\/\/idihracathizmetleri.com\/wp-content\/uploads\/2023\/04\/Google_2015_logo.svg.png'><img loading=\"lazy\" decoding=\"async\" width=\"1024\" height=\"346\" src=\"https:\/\/idihracathizmetleri.com\/wp-content\/uploads\/2023\/04\/Google_2015_logo.svg-1024x346.png\" class=\"attachment-large size-large\" alt=\"\" srcset=\"https:\/\/idihracathizmetleri.com\/wp-content\/uploads\/2023\/04\/Google_2015_logo.svg-1024x346.png 1024w, https:\/\/idihracathizmetleri.com\/wp-content\/uploads\/2023\/04\/Google_2015_logo.svg-300x101.png 300w, https:\/\/idihracathizmetleri.com\/wp-content\/uploads\/2023\/04\/Google_2015_logo.svg-768x260.png 768w, https:\/\/idihracathizmetleri.com\/wp-content\/uploads\/2023\/04\/Google_2015_logo.svg-1536x520.png 1536w, https:\/\/idihracathizmetleri.com\/wp-content\/uploads\/2023\/04\/Google_2015_logo.svg-2048x693.png 2048w\" sizes=\"(max-width: 1024px) 100vw, 1024px\" \/><\/a>\n\t\t\t<\/div><\/figure><figure class='gallery-item'>\n\t\t\t<div class='gallery-icon landscape'>\n\t\t\t\t<a data-elementor-open-lightbox=\"yes\" data-elementor-lightbox-slideshow=\"2f49225\" data-elementor-lightbox-title=\"open-graph\" data-e-action-hash=\"#elementor-action%3Aaction%3Dlightbox%26settings%3DeyJpZCI6OTI3LCJ1cmwiOiJodHRwczpcL1wvaWRpaHJhY2F0aGl6bWV0bGVyaS5jb21cL3dwLWNvbnRlbnRcL3VwbG9hZHNcLzIwMjNcLzA0XC9vcGVuLWdyYXBoLnBuZyIsInNsaWRlc2hvdyI6IjJmNDkyMjUifQ%3D%3D\" href='https:\/\/idihracathizmetleri.com\/wp-content\/uploads\/2023\/04\/open-graph.png'><img loading=\"lazy\" decoding=\"async\" width=\"1024\" height=\"500\" src=\"https:\/\/idihracathizmetleri.com\/wp-content\/uploads\/2023\/04\/open-graph.png\" class=\"attachment-large size-large\" alt=\"\" srcset=\"https:\/\/idihracathizmetleri.com\/wp-content\/uploads\/2023\/04\/open-graph.png 1024w, https:\/\/idihracathizmetleri.com\/wp-content\/uploads\/2023\/04\/open-graph-300x146.png 300w, https:\/\/idihracathizmetleri.com\/wp-content\/uploads\/2023\/04\/open-graph-768x375.png 768w\" sizes=\"(max-width: 1024px) 100vw, 1024px\" \/><\/a>\n\t\t\t<\/div><\/figure><figure class='gallery-item'>\n\t\t\t<div class='gallery-icon landscape'>\n\t\t\t\t<a data-elementor-open-lightbox=\"yes\" data-elementor-lightbox-slideshow=\"2f49225\" data-elementor-lightbox-title=\"linkedin-logo\" data-e-action-hash=\"#elementor-action%3Aaction%3Dlightbox%26settings%3DeyJpZCI6OTI5LCJ1cmwiOiJodHRwczpcL1wvaWRpaHJhY2F0aGl6bWV0bGVyaS5jb21cL3dwLWNvbnRlbnRcL3VwbG9hZHNcLzIwMjNcLzA0XC9saW5rZWRpbi1sb2dvLnBuZyIsInNsaWRlc2hvdyI6IjJmNDkyMjUifQ%3D%3D\" href='https:\/\/idihracathizmetleri.com\/wp-content\/uploads\/2023\/04\/linkedin-logo.png'><img loading=\"lazy\" decoding=\"async\" width=\"1024\" height=\"289\" src=\"https:\/\/idihracathizmetleri.com\/wp-content\/uploads\/2023\/04\/linkedin-logo-1024x289.png\" class=\"attachment-large size-large\" alt=\"\" srcset=\"https:\/\/idihracathizmetleri.com\/wp-content\/uploads\/2023\/04\/linkedin-logo-1024x289.png 1024w, https:\/\/idihracathizmetleri.com\/wp-content\/uploads\/2023\/04\/linkedin-logo-300x85.png 300w, https:\/\/idihracathizmetleri.com\/wp-content\/uploads\/2023\/04\/linkedin-logo-768x217.png 768w, https:\/\/idihracathizmetleri.com\/wp-content\/uploads\/2023\/04\/linkedin-logo.png 1062w\" sizes=\"(max-width: 1024px) 100vw, 1024px\" \/><\/a>\n\t\t\t<\/div><\/figure>\n\t\t<\/div>\n\t\t<\/div>\n\t\t\t\t\t\t<\/div>\n\t\t\t\t<\/div>\n\t\t\t\t\t<\/div>\n\t\t<\/div>\n\t\t\t\t\t<\/div>\n\t\t<\/section>\n\t\t\t\t<section class=\"elementor-section elementor-top-section elementor-element elementor-element-f120550 elementor-section-boxed elementor-section-height-default elementor-section-height-default\" data-id=\"f120550\" data-element_type=\"section\" data-e-type=\"section\">\n\t\t\t\t\t\t<div class=\"elementor-container elementor-column-gap-default\">\n\t\t\t\t\t<div class=\"elementor-column elementor-col-100 elementor-top-column elementor-element elementor-element-87aef56\" data-id=\"87aef56\" data-element_type=\"column\" data-e-type=\"column\">\n\t\t\t<div class=\"elementor-widget-wrap elementor-element-populated\">\n\t\t\t\t\t\t<div class=\"elementor-element elementor-element-ebecc36 elementor-widget elementor-widget-google_maps\" data-id=\"ebecc36\" data-element_type=\"widget\" data-e-type=\"widget\" data-widget_type=\"google_maps.default\">\n\t\t\t\t<div class=\"elementor-widget-container\">\n\t\t\t\t\t\t\t<div class=\"elementor-custom-embed\">\n\t\t\t<iframe loading=\"lazy\"\n\t\t\t\t\tsrc=\"https:\/\/maps.google.com\/maps?q=egs%20business&#038;t=m&#038;z=10&#038;output=embed&#038;iwloc=near\"\n\t\t\t\t\ttitle=\"egs business\"\n\t\t\t\t\taria-label=\"egs business\"\n\t\t\t><\/iframe>\n\t\t<\/div>\n\t\t\t\t\t\t<\/div>\n\t\t\t\t<\/div>\n\t\t\t\t\t<\/div>\n\t\t<\/div>\n\t\t\t\t\t<\/div>\n\t\t<\/section>\n\t\t\t\t<\/div>\n\t\t","protected":false},"excerpt":{"rendered":"<p>B\u0130Z K\u0130M\u0130Z? \u00a0ID \u0130hracat Hizmetleri olarak sundu\u011fumuz hizmetleri ihracat\u0131n argesi konumunda \u015fekillendirdik.Olu\u015fturdu\u011fumuz uluslararas\u0131 ITC (Uluslararas\u0131 Ticaret Merkezi) tabanl\u0131 ve tamam\u0131 g\u00fcncel bilgilerden olu\u015fan pazar ara\u015ft\u0131rma raporlar\u0131m\u0131z teknik sertifikal\u0131 ihracat uzman\u0131m\u0131z taraf\u0131ndan yorumlanmaktad\u0131r.Elde edilen pazar ara\u015ft\u0131rma raporu sonras\u0131nda ihracat yapmay\u0131 planlayan veya pazar\u0131n\u0131 \u00e7e\u015fitlendirmek isteyen firmalara g\u00fcncel bir k\u0131lavuz olu\u015fturmaktay\u0131z.Rapor i\u00e7erisinde konu ba\u015fl\u0131klar\u0131 bulunan ticari risk [&hellip;]<\/p>\n","protected":false},"author":1,"featured_media":0,"parent":0,"menu_order":0,"comment_status":"closed","ping_status":"closed","template":"","meta":{"footnotes":""},"class_list":["post-893","page","type-page","status-publish","hentry"],"blocksy_meta":[],"_links":{"self":[{"href":"https:\/\/idihracathizmetleri.com\/index.php\/wp-json\/wp\/v2\/pages\/893","targetHints":{"allow":["GET"]}}],"collection":[{"href":"https:\/\/idihracathizmetleri.com\/index.php\/wp-json\/wp\/v2\/pages"}],"about":[{"href":"https:\/\/idihracathizmetleri.com\/index.php\/wp-json\/wp\/v2\/types\/page"}],"author":[{"embeddable":true,"href":"https:\/\/idihracathizmetleri.com\/index.php\/wp-json\/wp\/v2\/users\/1"}],"replies":[{"embeddable":true,"href":"https:\/\/idihracathizmetleri.com\/index.php\/wp-json\/wp\/v2\/comments?post=893"}],"version-history":[{"count":19,"href":"https:\/\/idihracathizmetleri.com\/index.php\/wp-json\/wp\/v2\/pages\/893\/revisions"}],"predecessor-version":[{"id":1065,"href":"https:\/\/idihracathizmetleri.com\/index.php\/wp-json\/wp\/v2\/pages\/893\/revisions\/1065"}],"wp:attachment":[{"href":"https:\/\/idihracathizmetleri.com\/index.php\/wp-json\/wp\/v2\/media?parent=893"}],"curies":[{"name":"wp","href":"https:\/\/api.w.org\/{rel}","templated":true}]}}